{"id":2091,"date":"2020-01-15T18:56:09","date_gmt":"2020-01-15T17:56:09","guid":{"rendered":"http:\/\/www.danielagallo.it\/?page_id=2091"},"modified":"2025-07-28T11:44:27","modified_gmt":"2025-07-28T09:44:27","slug":"feedback","status":"publish","type":"page","link":"https:\/\/www.danielagallo.it\/?page_id=2091","title":{"rendered":"Feedback"},"content":{"rendered":"<p style=\"text-align: left;\">&#8220;Frequentando queste lezioni mi sento pi\u00f9 sciolta nei movimenti e mi serve per conoscere meglio il mio corpo. Alla fine delle lezioni si ha subito benefici: ti senti pi\u00f9 alta, leggera, come se il tuo corpo non avesse peso.&#8221;<br \/>\nElena<\/p>\n<p>&#8220;Il lavoro fatto fino ad ora penso che abbia modificato un p\u00f2 il mio modo di camminare. Questo modo di lavorare lento, sottile, mi rende consapevole sempre di pi\u00f9 del mio corpo. Quello che mi sembrava inizialmente inutile, un p\u00f2 noioso, senza effetto, ora invece mi rendo conto che \u00e8 quello che mi serve. Mi va bene questo modo sottile di soffermarmi su ogni singolo movimento mettendolo in relazione con il resto del corpo&#8221;.<br \/>\nTania<\/p>\n<p>&#8220;Atmosfera positiva &#8211; Armonia. Esercizi efficaci per corpo e mente&#8221;<br \/>\nRosalba<\/p>\n","protected":false},"excerpt":{"rendered":"<p>&#8220;Frequentando queste lezioni mi sento pi\u00f9 sciolta nei movimenti e mi serve per conoscere meglio il mio corpo. Alla fine delle lezioni si ha subito benefici: ti senti pi\u00f9 alta, leggera, come se il tuo corpo non avesse peso.&#8221; Elena &#8220;Il lavoro fatto fino ad ora penso che abbia modificato &hellip;<\/p>\n","protected":false},"author":2,"featured_media":0,"parent":0,"menu_order":0,"comment_status":"closed","ping_status":"closed","template":"","meta":{"ngg_post_thumbnail":0,"footnotes":""},"class_list":["post-2091","page","type-page","status-publish","hentry"],"_links":{"self":[{"href":"https:\/\/www.danielagallo.it\/index.php?rest_route=\/wp\/v2\/pages\/2091","targetHints":{"allow":["GET"]}}],"collection":[{"href":"https:\/\/www.danielagallo.it\/index.php?rest_route=\/wp\/v2\/pages"}],"about":[{"href":"https:\/\/www.danielagallo.it\/index.php?rest_route=\/wp\/v2\/types\/page"}],"author":[{"embeddable":true,"href":"https:\/\/www.danielagallo.it\/index.php?rest_route=\/wp\/v2\/users\/2"}],"replies":[{"embeddable":true,"href":"https:\/\/www.danielagallo.it\/index.php?rest_route=%2Fwp%2Fv2%2Fcomments&post=2091"}],"version-history":[{"count":7,"href":"https:\/\/www.danielagallo.it\/index.php?rest_route=\/wp\/v2\/pages\/2091\/revisions"}],"predecessor-version":[{"id":3112,"href":"https:\/\/www.danielagallo.it\/index.php?rest_route=\/wp\/v2\/pages\/2091\/revisions\/3112"}],"wp:attachment":[{"href":"https:\/\/www.danielagallo.it\/index.php?rest_route=%2Fwp%2Fv2%2Fmedia&parent=2091"}],"curies":[{"name":"wp","href":"https:\/\/api.w.org\/{rel}","templated":true}]}}