{"id":1756,"date":"2019-09-08T17:13:55","date_gmt":"2019-09-08T15:13:55","guid":{"rendered":"http:\/\/www.danielagallo.it\/?page_id=1756"},"modified":"2022-01-19T12:06:18","modified_gmt":"2022-01-19T11:06:18","slug":"home","status":"publish","type":"page","link":"https:\/\/www.danielagallo.it\/","title":{"rendered":"Home"},"content":{"rendered":"<div>\n<div>\n<h4 class=\"entry-title\"><a href=\"https:\/\/codemooc.org\/codytrip-2022-pisa\/\" target=\"_blank\" rel=\"noopener\">CodyTrip a Pisa, alle origini di Internet e dell\u2019Universo <\/a><br \/>\n8-9 Febbraio 2022<\/h4>\n<p><strong># 9 Febbraio ore 8.45 Risveglio muscolare<\/strong>. Attivit\u00e0 motoria guidata da Daniela Gallo &#8211; Metodo Feldenkrais<\/p>\n<p><a href=\"https:\/\/www.facebook.com\/groups\/CodeMOOC\/permalink\/2162393040575385\" target=\"_blank\" rel=\"noopener\">Coding in your Classroom, Now!<\/a><\/p>\n<p><a href=\"https:\/\/www.youtube.com\/channel\/UCtcyXCuAy_NHusocxuERuXA\" target=\"_blank\" rel=\"noopener\">CodeMOOC\u00a0<\/a><\/p>\n<p>&nbsp;<\/p>\n<blockquote class=\"wp-embedded-content\" data-secret=\"IB8oouC2Av\"><p><a href=\"https:\/\/codemooc.org\/codytrip-2022-pisa\/\">CodyTrip a Pisa, alle origini di Internet e dell&#8217;Universo<\/a><\/p><\/blockquote>\n<p><iframe loading=\"lazy\" class=\"wp-embedded-content\" sandbox=\"allow-scripts\" security=\"restricted\" style=\"position: absolute; clip: rect(1px, 1px, 1px, 1px);\" title=\"&#8220;CodyTrip a Pisa, alle origini di Internet e dell&#8217;Universo&#8221; &#8212; CodeMOOC\" src=\"https:\/\/codemooc.org\/codytrip-2022-pisa\/embed\/#?secret=IB8oouC2Av\" data-secret=\"IB8oouC2Av\" width=\"600\" height=\"338\" frameborder=\"0\" marginwidth=\"0\" marginheight=\"0\" scrolling=\"no\"><\/iframe><\/p>\n<p>&nbsp;<\/p>\n<p style=\"text-align: center;\"><em><strong>NEWS 2022<br \/>\n<\/strong><\/em><span style=\"font-size: x-large;\"><b>Luned\u00ec 3 e Venerd\u00ec 7 Gennaio ore 18.30<\/b> <\/span><\/p>\n<p style=\"text-align: center;\"><strong><span style=\"font-size: x-large;\">lezioni gratuite online di <\/span><\/strong><\/p>\n<p style=\"text-align: center;\"><span style=\"font-size: x-large;\"><strong>\u00a0&#8220;Consapevolezza attraverso il movimento&#8221;<\/strong>\u00ae<br \/>\n<\/span><\/p>\n<p style=\"text-align: center;\"><em><span style=\"font-size: x-large;\">Le lezioni saranno di introduzione al corso online che seguir\u00e0 ogni<\/span><span style=\"font-size: x-large;\"> luned\u00ec e venerd\u00ec ore 18.30. Avrete modo di conoscere i principi di questa disciplina, capire se \u00e8 una modalit\u00e0 di apprendimento adatta a voi e per il vostro benessere.<\/span><\/em><\/p>\n<p><em>Per prenotarsi si prega di inviare una mail.\u00a0 Invier\u00f2 tutte le informazioni pratiche per accedere agli incontri.<\/em><\/p>\n<p>&nbsp;<\/p>\n<p><strong style=\"background-color: #ffffff; font-family: 'Open Sans';\">da Ottobre &#8217;21<\/strong><span style=\"background-color: #ffffff; font-family: 'Open Sans';\">:<\/span><\/p>\n<ul>\n<li>lezioni online di &#8220;Consapevolezza Attraverso il Movimento&#8221;<\/li>\n<li>lezioni in presenza- minigruppi e Integrazioni Funzionali<em>:<\/em> Studio di Riabilitazione , zona P.ta a Mare- Pisa<\/li>\n<li>Integrazioni Funzionali<em>:<\/em> S. Giuliano Terme -Pisa<\/li>\n<\/ul>\n<p><em>Le lezioni si terranno nel rispetto delle normative anti Covid19 vigenti. Per le lezioni in presenza \u00e8 richiesto il Green Pass.<\/em><\/p>\n<p style=\"text-align: right;\"><img loading=\"lazy\" decoding=\"async\" class=\"alignright\" src=\"https:\/\/www.danielagallo.it\/wp-content\/uploads\/2020\/01\/logo-aiimf.png\" width=\"160\" height=\"78\" \/><\/p>\n<\/div>\n<p>&nbsp;<\/p>\n<div style=\"text-align: center;\"><a href=\"https:\/\/www.danielagallo.it\/wp-content\/uploads\/2021\/12\/Integrazione-Funzionale.pdf\" target=\"_blank\" rel=\"noopener noreferrer\"><img loading=\"lazy\" decoding=\"async\" class=\"aligncenter\" src=\"https:\/\/www.danielagallo.it\/wp-content\/uploads\/2021\/12\/integrazione_funzionale.jpg\" alt=\"\" width=\"600\" height=\"410\" \/><\/a><\/div>\n<p>&nbsp;<\/p>\n<div>\n<p style=\"text-align: center;\" align=\"center\"><strong><i><span style=\"font-size: 14.0pt;\">\u00a0 \u00a0 \u00a0 <\/span><\/i><\/strong><\/p>\n<\/div>\n<pre class=\"title style-scope ytd-video-primary-info-renderer\"><strong>Metodo Feldenkrais\u00ae <\/strong><strong>nella gestione della sindrome fibromialgica - anno 2021\r\n<\/strong><a href=\"https:\/\/www.youtube.com\/watch?v=fBuidzQIlso\" target=\"_blank\" rel=\"noopener\">VIDEO La Fibromialgia incontra il Feldenkrais: Testimonianze<\/a>\r\n<a href=\"https:\/\/www.danielagallo.it\/wp-content\/uploads\/2021\/10\/Testo-Fibromialgia-Video.pdf\">PRESENTAZIONE Progetto Fibromialgia<\/a>\r\n\r\n<em><a href=\"https:\/\/feldenkrais.it\/progetto-fibromialgia\/\" target=\"_blank\" rel=\"noopener\">Corsi per Fibromialgici in convenzione con AISF in modalit\u00e0 online o in presenza<\/a><\/em><\/pre>\n<\/div>\n<div>\n<p>&nbsp;<\/p>\n<\/div>\n<div>\n<pre><strong>Giugno\/ Luglio'21 Lezioni di <em>Integrazione Funzionale\u00ae<\/em> - Pisa<\/strong>\r\nper informazioni: Contatti<\/pre>\n<p>&nbsp;<\/p>\n<pre><strong>Febbraio\/ Giugno'21 Lezioni online di <\/strong><em><strong>Consapevolezza Attraverso il Movimento\u00ae<\/strong>:\r\n<\/em>gioved\u00ec ore 18 - Sabato ore 10<\/pre>\n<p>&nbsp;<\/p>\n<p>&nbsp;<\/p>\n<div><\/div>\n<div style=\"text-align: center;\"><a href=\"http:\/\/www.danielagallo.it\/wp-content\/uploads\/2021\/01\/Locandina-corso-Consapevolezza-del-movimento.pdf\" target=\"_blank\" rel=\"noopener noreferrer\"><img loading=\"lazy\" decoding=\"async\" class=\"aligncenter\" src=\"http:\/\/www.danielagallo.it\/wp-content\/uploads\/2021\/01\/Locandina-corso-Consapevolezza-del-movimento.jpg\" alt=\"\" width=\"600\" height=\"248\" \/><\/a><br \/>\n<span style=\"color: #00ccff;\">Ciclo lezioni Cam\u00ae &#8211; Associazione Senologica Internazionale <\/span><\/div>\n<div><\/div>\n<\/div>\n<div style=\"float: left;\"><a href=\"http:\/\/www.danielagallo.it\/wp-content\/uploads\/2020\/09\/loc.-feldenkrais_final.pdf\" target=\"_blank\" rel=\"noopener noreferrer\"><img loading=\"lazy\" decoding=\"async\" class=\"alignleft\" src=\"http:\/\/www.danielagallo.it\/wp-content\/uploads\/2020\/09\/loc_feldenkrais.jpg\" alt=\"\" width=\"500\" height=\"263\" \/><\/a><\/div>\n<div style=\"float: right;\"><a href=\"http:\/\/www.danielagallo.it\/wp-content\/uploads\/2020\/09\/loc_ossa.pdf\" target=\"_blank\" rel=\"noopener noreferrer\"><img loading=\"lazy\" decoding=\"async\" class=\"alignright\" src=\"http:\/\/www.danielagallo.it\/wp-content\/uploads\/2020\/09\/loc_ossa.png\" alt=\"\" width=\"500\" height=\"263\" \/><\/a><\/div>\n<div style=\"clear: both;\"><a href=\"http:\/\/www.danielagallo.it\/wp-content\/uploads\/2020\/10\/lezione-passeggiata.pdf\" target=\"_blank\" rel=\"noopener noreferrer\"><img loading=\"lazy\" decoding=\"async\" class=\"aligncenter\" src=\"http:\/\/www.danielagallo.it\/wp-content\/uploads\/2020\/10\/lezione-passeggiata_WEB.jpg\" alt=\"\" width=\"500\" height=\"263\" \/><\/a><\/div>\n","protected":false},"excerpt":{"rendered":"<p>CodyTrip a Pisa, alle origini di Internet e dell\u2019Universo 8-9 Febbraio 2022 # 9 Febbraio ore 8.45 Risveglio muscolare. Attivit\u00e0 motoria guidata da Daniela Gallo &#8211; Metodo Feldenkrais Coding in your Classroom, Now! CodeMOOC\u00a0 &nbsp; CodyTrip a Pisa, alle origini di Internet e dell&#8217;Universo &nbsp; NEWS 2022 Luned\u00ec 3 e &hellip;<\/p>\n","protected":false},"author":1,"featured_media":0,"parent":0,"menu_order":0,"comment_status":"closed","ping_status":"closed","template":"","meta":{"ngg_post_thumbnail":0,"footnotes":""},"class_list":["post-1756","page","type-page","status-publish","hentry"],"_links":{"self":[{"href":"https:\/\/www.danielagallo.it\/index.php?rest_route=\/wp\/v2\/pages\/1756","targetHints":{"allow":["GET"]}}],"collection":[{"href":"https:\/\/www.danielagallo.it\/index.php?rest_route=\/wp\/v2\/pages"}],"about":[{"href":"https:\/\/www.danielagallo.it\/index.php?rest_route=\/wp\/v2\/types\/page"}],"author":[{"embeddable":true,"href":"https:\/\/www.danielagallo.it\/index.php?rest_route=\/wp\/v2\/users\/1"}],"replies":[{"embeddable":true,"href":"https:\/\/www.danielagallo.it\/index.php?rest_route=%2Fwp%2Fv2%2Fcomments&post=1756"}],"version-history":[{"count":151,"href":"https:\/\/www.danielagallo.it\/index.php?rest_route=\/wp\/v2\/pages\/1756\/revisions"}],"predecessor-version":[{"id":2703,"href":"https:\/\/www.danielagallo.it\/index.php?rest_route=\/wp\/v2\/pages\/1756\/revisions\/2703"}],"wp:attachment":[{"href":"https:\/\/www.danielagallo.it\/index.php?rest_route=%2Fwp%2Fv2%2Fmedia&parent=1756"}],"curies":[{"name":"wp","href":"https:\/\/api.w.org\/{rel}","templated":true}]}}