{"id":1724,"date":"2019-08-12T11:10:08","date_gmt":"2019-08-12T09:10:08","guid":{"rendered":"http:\/\/www.danielagallo.it\/?page_id=1724"},"modified":"2026-05-02T11:01:02","modified_gmt":"2026-05-02T09:01:02","slug":"consapevolezza-attraverso-il-movimento-cam","status":"publish","type":"page","link":"https:\/\/www.danielagallo.it\/?page_id=1724","title":{"rendered":""},"content":{"rendered":"<pre style=\"text-align: center;\"><strong>Metodo Feldenkrais<\/strong><strong><em>\u00ae<\/em><\/strong>\r\n<strong>apprendimento e autoeducazione attraverso il movimento<\/strong>\r\n\r\n lezione di gruppo: <strong>Consapevolezza Attraverso il Movimento-CAM <\/strong>\r\n lezione individuale: <strong>Integrazione Funzionale-IF<\/strong><\/pre>\n<p>&nbsp;<\/p>\n<pre style=\"text-align: center;\"><strong>CONSAPEVOLEZZA ATTRAVERSO IL MOVIMENTO\u00ae\r\nCAM <\/strong><\/pre>\n<p><img loading=\"lazy\" decoding=\"async\" class=\"size-medium wp-image-2947 alignleft\" src=\"https:\/\/www.danielagallo.it\/wp-content\/uploads\/2022\/12\/galleria-aiimf-feldenkraisIMG_0049-1-200x300.jpg\" alt=\"\" width=\"200\" height=\"300\" srcset=\"https:\/\/www.danielagallo.it\/wp-content\/uploads\/2022\/12\/galleria-aiimf-feldenkraisIMG_0049-1-200x300.jpg 200w, https:\/\/www.danielagallo.it\/wp-content\/uploads\/2022\/12\/galleria-aiimf-feldenkraisIMG_0049-1-683x1024.jpg 683w, https:\/\/www.danielagallo.it\/wp-content\/uploads\/2022\/12\/galleria-aiimf-feldenkraisIMG_0049-1-768x1152.jpg 768w, https:\/\/www.danielagallo.it\/wp-content\/uploads\/2022\/12\/galleria-aiimf-feldenkraisIMG_0049-1-133x200.jpg 133w, https:\/\/www.danielagallo.it\/wp-content\/uploads\/2022\/12\/galleria-aiimf-feldenkraisIMG_0049-1.jpg 936w\" sizes=\"auto, (max-width: 200px) 100vw, 200px\" \/>Nella lezione di gruppo l\u2019insegnante guida verbalmente movimenti semplici, delicati e non abituali; veniamo cos\u00ec guidati nell&#8217;ascolto delle varie parti del corpo, del respiro e nella ricerca di un movimento comodo e funzionale. Attraverso la pratica si amplia sempre pi\u00f9 la percezione delle abitudini motorie e l&#8217;esplorazione verso nuovi modi di muoversi. Alla fine della lezione avremouna rinnovata sensazione del modo di stare in piedi, del respiro e<br \/>\nLe lezioni, diverse tra loro, si rifanno agli schemi neuromotori di base dello sviluppo umano. Ripercorrendo le tappe del nostro sviluppo miglioriamo l&#8217;immagine del nostro schema corporeo, la consapevolezza di ci\u00f2 che facciamo e in particolare il modo in cui lo facciamo.<br \/>\nLa pratica del metodo pu\u00f2 agire su altri aspetti della persona come l&#8217;attenzione, la creativit\u00e0 e la relazione con l&#8217;ambiente, stimolandone il potenziale.<br \/>\n<span style=\"text-indent: 0em;\">Il movimento non abituale inoltre risveglia la nostra attenzione<\/span><span style=\"text-indent: 0em;\">.<\/span><\/p>\n<p><em>Gli studenti che seguono queste lezioni evidenziano un miglioramento naturale della postura e della camminata; un modo pi\u00f9 comodo nel girarsi, abbassarsi, raggiungere i pensili in alto e una maggiore stabilit\u00e0 e sicurezza. <\/em><em>E\u2019 adatto a tutti, in particolare a chi sta seduto per un tempo prolungato e ha limitazioni funzionali; a chi vuole migliorare il benessere della propria schiena e liberarsi da tensioni.\u00a0<\/em><\/p>\n<p><a href=\"https:\/\/www.danielagallo.it\/wp-content\/uploads\/2023\/12\/Rep.it-Medicina-Feldenkrais.pdf\" target=\"_blank\" rel=\"noopener\">Repubblica.it Medicina-Feldenkrais\u00a0<\/a><br \/>\n<a href=\"http:\/\/www.danielagallo.it\/wp-content\/uploads\/2019\/11\/IMG-20191015-WA0003.jpg\" target=\"_blank\" rel=\"noopener noreferrer\">&#8220;I movimenti alternativi&#8221;<\/a><\/p>\n<p>A.I.I.M.F. <a href=\"https:\/\/feldenkrais.it\/metodo\/\" target=\"_blank\" rel=\"noopener\">Cos&#8217;\u00e8 il Metodo Feldenkrais\u00a0<\/a><\/p>\n<p><a href=\"http:\/\/www.danielagallo.it\/?page_id=2091\" target=\"_blank\" rel=\"noopener\">cosa dicono gli studenti..\u00a0\u00a0\u00a0<\/a> \u00a0\u00a0 <a href=\"https:\/\/www.danielagallo.it\/wp-content\/uploads\/2022\/01\/cam-vado-a-prendere-qualcosa-.mkv\" target=\"_blank\" rel=\"noopener\">video estratto lezione di gruppo<\/a><\/p>\n<pre style=\"text-align: center;\"><strong>INTEGRAZIONE FUNZIONALE\u00ae\r\nIF<\/strong><\/pre>\n<p><img loading=\"lazy\" decoding=\"async\" class=\"wp-image-2652 alignleft\" src=\"https:\/\/www.danielagallo.it\/wp-content\/uploads\/2022\/01\/integrazione_03-200x300.jpg\" alt=\"\" width=\"200\" height=\"300\" srcset=\"https:\/\/www.danielagallo.it\/wp-content\/uploads\/2022\/01\/integrazione_03-200x300.jpg 200w, https:\/\/www.danielagallo.it\/wp-content\/uploads\/2022\/01\/integrazione_03-133x200.jpg 133w, https:\/\/www.danielagallo.it\/wp-content\/uploads\/2022\/01\/integrazione_03.jpg 407w\" sizes=\"auto, (max-width: 200px) 100vw, 200px\" \/>Nella lezione individuale l&#8217;insegnante attraverso un tocco delicato guida lo studente a riconoscere gli schemi di movimento abituali, offre opzioni alternative e lo stimola a scoprire modi di muoversi pi\u00f9 funzionali e piacevoli; favorisce la percezione del corpo sia nelle singole parti che nella sua immagine complessiva. La persona ricevendo l&#8217;Integrazione Funzionale arricchisce il proprio repertorio di azione, ne migliora la funzionalit\u00e0 e ritrova il piacere di muoversi e percepirsi. La lezione non si basa sulla correzione di atteggiamenti &#8220;sbagliati&#8221; bens\u00ec sulla consapevolezza del modo di agire e su cosa pu\u00f2 essere fatto per migliorare.<br \/>\nLa persona \u00e8 vestita con abbigliamento comodo; insieme all&#8217;insegnante sceglie le posizioni pi\u00f9 comode come distesi su un apposito lettino, seduti o secondo necessit\u00e0.<br \/>\nA conclusione della lezione, come in quelle di gruppo, riascoltiamo la posizione in piedi, la camminata, la comodit\u00e0 di qualche gesto quotidiano o la funzionalit\u00e0 di un gesto specifico.\u00a0 \u00a0 \u00a0 \u00a0 \u00a0 \u00a0 \u00a0 \u00a0 \u00a0 \u00a0 \u00a0 \u00a0 \u00a0 \u00a0 \u00a0 \u00a0 \u00a0 \u00a0\u00a0<i><br \/>\n<\/i><\/p>\n<p><i>E\u2019 adatto a tutti in particolare a chi intende migliorare movimenti e atteggiamenti posturali limitati dalla sedentariet\u00e0 o affinare<em> il gesto tecnico o espressivo<\/em><\/i><em>; a chi fa un uso specifico del proprio corpo come ad esempio musicisti, danzatori o chi presenta una diminuzione delle funzioni motorie. <\/em><i>L&#8217; IF \u00e8 tarata sulle specifiche caratteristiche della persona compresi i bambini.<br \/>\n<\/i><i>Non \u00e8:<br \/>\n<\/i><i>&#8211; una terapia ma una lezione-trattamento che stimola il mantenimento delle funzioni umane e la loro piacevolezza<br \/>\n&#8211; un massaggio in cui il corpo si rilassa passivamente ma un tocco che ne ascolta le risposte e offre alternative a ci\u00f2 che gi\u00e0 sappiamo fare o vogliamo fare meglio.<br \/>\n<\/i><i>L&#8217; IF stimola il sistema nervoso al processo di apprendimento basandosi sugli schemi neuromotori di base tra cui rotolare, protendersi, strisciare, gattonare, andare carponi e camminare.<\/i><\/p>\n<p><strong>Mosh\u00e8 Feldenkrais<br \/>\n<\/strong>Nato nel 1904 a Slavuta in Russia, attuale Ucraina, Mosh\u00e8 Feldenkrais ha vissuto in Palestina, in Francia e in Inghilterra per fuggire dalla guerra e l\u2019invasione tedesca del \u201940, per poi trasferirsi in Israele dopo la guerra. In Francia si \u00e8 laureato in ingegneria meccanica ed elettrica a Parigi nel \u201933, quindi ha conseguito un dottorato in fisica alla Sorbona; ha collaborato alle ricerche di fisica nucleare di Fr\u00e9d\u00e9ric Joliot-Curie.<br \/>\nEsperto di arti marziali, ha conseguito la cintura nera di judo con il maestro Jigoto Kano. In seguito ad un incidente al ginocchio la sua formazione scientifica e la conoscenza delle arti marziali lo portano ad elaborare un metodo pratico di lavoro sul corpo incentrato sul modo di muoversi, di sentire e di pensare. Dopo anni di lavoro pratico su migliaia di persone si \u00e8 dedicato all\u2019insegnamento del suo metodo in Europa, Stati Uniti e Israele.\u00a0 Tra i suoi allievi: Margaret Mead, Leonard Bernstein, Yehudi Menuhin, Peter Brook. I suoi punti di vista sono oggi universalmente riconosciuti e accettati. Muore in Israele nel 1984<\/p>\n<p><strong>Il Metodo<\/strong> <strong>Feldenkrais<\/strong> si fonda sui principi della biomeccanica, neurofisiologia e neuroscienze; \u00e8 diffuso in molte parti del mondo. In Italia l<span style=\"text-indent: 0em;\">&#8216;insegnamento del metodo \u00e8 disciplinato dalla legge 4\/2013. La<\/span><span style=\"text-indent: 0em;\"> Regione Toscana ha riconosciuto il metodo Feldenkrais tra le Discipline del benessere e bionaturali Legge regionale n. 2\/2005. <\/span><span style=\"text-indent: 0em;\"><br \/>\nLa formazione quadriennale degli insegnanti e la tutela dei principi del Metodo \u00e8 delegata alle associazioni a livello nazionale <a href=\"https:\/\/www.feldenkrais.it\/\" target=\"_blank\" rel=\"noopener noreferrer\">AIIMF<\/a>, internazionale<a href=\"https:\/\/feldenkrais-method.org\/\" target=\"_blank\" rel=\"noopener noreferrer\"> IFF<\/a> e in Europa all&#8217; EuroTAB, organismo che accredita le formazioni e i formatori, mantenendone lo standard qualitativo. I<\/span><span style=\"text-indent: 0em;\">n Italia AIIMF \u00e8 riconosciuta del <a href=\"https:\/\/www.mimit.gov.it\/index.php\/it\/mercato-e-consumatori\/professioni-non-organizzate\/associazioni-che-rilasciano-attestato-di-qualita\" target=\"_blank\" rel=\"noopener\">MIMIT <\/a>tra le associazioni professionali non organizzate in ordini o collegi che rilasciano l&#8217;attestato di qualit\u00e0.<\/span><\/p>\n<p><span style=\"text-indent: 0em;\">\u00a0 \u00a0 \u00a0 <img loading=\"lazy\" decoding=\"async\" class=\"\" src=\"https:\/\/www.danielagallo.it\/wp-content\/uploads\/2022\/01\/IFF-Logo_Final_290_grey-sfw.png\" width=\"230\" height=\"50\" \/>\u00a0 \u00a0 \u00a0<\/span><img loading=\"lazy\" decoding=\"async\" class=\"alignright\" src=\"https:\/\/www.danielagallo.it\/wp-content\/uploads\/2020\/01\/logo-aiimf.png\" width=\"140\" height=\"69\" \/><\/p>\n<p><em>Feldenkrais\u00ae, Metodo Feldenkrais\u00ae, Conoscersi Attraverso il Movimento\u00ae, Consapevolezza Attraverso il Movimento\u00ae e Integrazione Funzionale\u00ae sono marchi registrati e concessi dall&#8217;<a href=\"https:\/\/www.feldenkrais.it\/\" target=\"_blank\" rel=\"noopener\">Associazione Italiana Insegnanti Metodo Feldenkrais<\/a>.<\/em><\/p>\n","protected":false},"excerpt":{"rendered":"<p>Metodo Feldenkrais\u00ae apprendimento e autoeducazione attraverso il movimento lezione di gruppo: Consapevolezza Attraverso il Movimento-CAM lezione individuale: Integrazione Funzionale-IF &nbsp; CONSAPEVOLEZZA ATTRAVERSO IL MOVIMENTO\u00ae CAM Nella lezione di gruppo l\u2019insegnante guida verbalmente movimenti semplici, delicati e non abituali; veniamo cos\u00ec guidati nell&#8217;ascolto delle varie parti del corpo, del respiro e &hellip;<\/p>\n","protected":false},"author":2,"featured_media":0,"parent":0,"menu_order":0,"comment_status":"closed","ping_status":"closed","template":"","meta":{"ngg_post_thumbnail":0,"footnotes":""},"class_list":["post-1724","page","type-page","status-publish","hentry"],"_links":{"self":[{"href":"https:\/\/www.danielagallo.it\/index.php?rest_route=\/wp\/v2\/pages\/1724","targetHints":{"allow":["GET"]}}],"collection":[{"href":"https:\/\/www.danielagallo.it\/index.php?rest_route=\/wp\/v2\/pages"}],"about":[{"href":"https:\/\/www.danielagallo.it\/index.php?rest_route=\/wp\/v2\/types\/page"}],"author":[{"embeddable":true,"href":"https:\/\/www.danielagallo.it\/index.php?rest_route=\/wp\/v2\/users\/2"}],"replies":[{"embeddable":true,"href":"https:\/\/www.danielagallo.it\/index.php?rest_route=%2Fwp%2Fv2%2Fcomments&post=1724"}],"version-history":[{"count":191,"href":"https:\/\/www.danielagallo.it\/index.php?rest_route=\/wp\/v2\/pages\/1724\/revisions"}],"predecessor-version":[{"id":3228,"href":"https:\/\/www.danielagallo.it\/index.php?rest_route=\/wp\/v2\/pages\/1724\/revisions\/3228"}],"wp:attachment":[{"href":"https:\/\/www.danielagallo.it\/index.php?rest_route=%2Fwp%2Fv2%2Fmedia&parent=1724"}],"curies":[{"name":"wp","href":"https:\/\/api.w.org\/{rel}","templated":true}]}}